{"id":232,"date":"2026-01-02T02:22:14","date_gmt":"2026-01-02T01:22:14","guid":{"rendered":"https:\/\/www.speakeasycinema.ch\/?page_id=232"},"modified":"2026-01-02T10:29:12","modified_gmt":"2026-01-02T09:29:12","slug":"double-feature-zwei-blutige-schnee-western","status":"publish","type":"page","link":"https:\/\/www.speakeasycinema.ch\/index.php\/double-feature-zwei-blutige-schnee-western\/","title":{"rendered":"Double Feature: Zwei blutige Schnee-Western"},"content":{"rendered":"\t\t<div data-elementor-type=\"wp-page\" data-elementor-id=\"232\" class=\"elementor elementor-232\">\n\t\t\t\t<div class=\"elementor-element elementor-element-3ba7743 e-flex e-con-boxed e-con e-parent\" data-id=\"3ba7743\" data-element_type=\"container\">\n\t\t\t\t\t<div class=\"e-con-inner\">\n\t\t\t\t<div class=\"elementor-element elementor-element-93021cf elementor-widget elementor-widget-heading\" data-id=\"93021cf\" data-element_type=\"widget\" data-widget_type=\"heading.default\">\n\t\t\t\t\t<h2 class=\"elementor-heading-title elementor-size-default\">Double Feature: Zwei blutige Schnee-Western<\/h2>\t\t\t\t<\/div>\n\t\t\t\t\t<\/div>\n\t\t\t\t<\/div>\n\t\t<div class=\"elementor-element elementor-element-e56ccc8 e-flex e-con-boxed e-con e-parent\" data-id=\"e56ccc8\" data-element_type=\"container\">\n\t\t\t\t\t<div class=\"e-con-inner\">\n\t\t<div class=\"elementor-element elementor-element-4775378 e-con-full e-flex e-con e-child\" data-id=\"4775378\" data-element_type=\"container\">\n\t\t\t\t<div class=\"elementor-element elementor-element-3fce84c elementor-widget elementor-widget-image\" data-id=\"3fce84c\" data-element_type=\"widget\" data-widget_type=\"image.default\">\n\t\t\t\t\t\t\t\t\t\t\t\t\t\t\t<img fetchpriority=\"high\" decoding=\"async\" width=\"683\" height=\"1024\" src=\"https:\/\/www.speakeasycinema.ch\/wp-content\/uploads\/2026\/01\/double_feature_schnee-western-683x1024.png\" class=\"attachment-large size-large wp-image-253\" alt=\"\" srcset=\"https:\/\/www.speakeasycinema.ch\/wp-content\/uploads\/2026\/01\/double_feature_schnee-western-683x1024.png 683w, https:\/\/www.speakeasycinema.ch\/wp-content\/uploads\/2026\/01\/double_feature_schnee-western-200x300.png 200w, https:\/\/www.speakeasycinema.ch\/wp-content\/uploads\/2026\/01\/double_feature_schnee-western-768x1152.png 768w, https:\/\/www.speakeasycinema.ch\/wp-content\/uploads\/2026\/01\/double_feature_schnee-western.png 1024w\" sizes=\"(max-width: 683px) 100vw, 683px\" \/>\t\t\t\t\t\t\t\t\t\t\t\t\t\t\t<\/div>\n\t\t\t\t<\/div>\n\t\t<div class=\"elementor-element elementor-element-e994b69 e-con-full e-flex e-con e-child\" data-id=\"e994b69\" data-element_type=\"container\">\n\t\t\t\t<div class=\"elementor-element elementor-element-90c7d7d elementor-widget elementor-widget-text-editor\" data-id=\"90c7d7d\" data-element_type=\"widget\" data-widget_type=\"text-editor.default\">\n\t\t\t\t\t\t\t\t\t<p data-start=\"129\" data-end=\"334\">Im ersten Film f\u00fchrt uns ein verschneiter Westen an einen Ort, an dem Gesetze kaum noch z\u00e4hlen. Ein Dorf wird von Gewalt und Angst beherrscht, bis ein wortloser Fremder eingreift \u2013 mit unabsehbaren Folgen.<\/p><p data-start=\"336\" data-end=\"501\">Der zweite Film erz\u00e4hlt von einem grossen Plan: Eine Gruppe von Gesetzlosen, ein Raubzug und der langsame Zerfall von Vertrauen, w\u00e4hrend die K\u00e4lte immer n\u00e4her r\u00fcckt.<\/p><p data-start=\"503\" data-end=\"584\">Zwei Filme, zwei Perspektiven.<br data-start=\"533\" data-end=\"536\" \/>Ein Abend voller Schnee, Staub und Konsequenzen.<\/p><p data-start=\"586\" data-end=\"657\"><em data-start=\"586\" data-end=\"657\">Filmtitel werden exklusiv \u00fcber unsere WhatsApp-Gruppe bekanntgegeben.<\/em><\/p>\t\t\t\t\t\t\t\t<\/div>\n\t\t\t\t<\/div>\n\t\t\t\t\t<\/div>\n\t\t\t\t<\/div>\n\t\t\t\t<\/div>\n\t\t","protected":false},"excerpt":{"rendered":"<p>Double Feature: Zwei blutige Schnee-Western Im ersten Film f\u00fchrt uns ein verschneiter Westen an einen Ort, an dem Gesetze kaum noch z\u00e4hlen. Ein Dorf wird von Gewalt und Angst beherrscht, bis ein wortloser Fremder eingreift \u2013 mit unabsehbaren Folgen. Der zweite Film erz\u00e4hlt von einem grossen Plan: Eine Gruppe von Gesetzlosen, ein Raubzug und der [&hellip;]<\/p>\n","protected":false},"author":1,"featured_media":0,"parent":0,"menu_order":0,"comment_status":"closed","ping_status":"closed","template":"","meta":{"footnotes":""},"class_list":["post-232","page","type-page","status-publish","hentry"],"_links":{"self":[{"href":"https:\/\/www.speakeasycinema.ch\/index.php\/wp-json\/wp\/v2\/pages\/232","targetHints":{"allow":["GET"]}}],"collection":[{"href":"https:\/\/www.speakeasycinema.ch\/index.php\/wp-json\/wp\/v2\/pages"}],"about":[{"href":"https:\/\/www.speakeasycinema.ch\/index.php\/wp-json\/wp\/v2\/types\/page"}],"author":[{"embeddable":true,"href":"https:\/\/www.speakeasycinema.ch\/index.php\/wp-json\/wp\/v2\/users\/1"}],"replies":[{"embeddable":true,"href":"https:\/\/www.speakeasycinema.ch\/index.php\/wp-json\/wp\/v2\/comments?post=232"}],"version-history":[{"count":14,"href":"https:\/\/www.speakeasycinema.ch\/index.php\/wp-json\/wp\/v2\/pages\/232\/revisions"}],"predecessor-version":[{"id":460,"href":"https:\/\/www.speakeasycinema.ch\/index.php\/wp-json\/wp\/v2\/pages\/232\/revisions\/460"}],"wp:attachment":[{"href":"https:\/\/www.speakeasycinema.ch\/index.php\/wp-json\/wp\/v2\/media?parent=232"}],"curies":[{"name":"wp","href":"https:\/\/api.w.org\/{rel}","templated":true}]}}