{"id":244,"date":"2026-01-02T02:34:09","date_gmt":"2026-01-02T01:34:09","guid":{"rendered":"https:\/\/www.speakeasycinema.ch\/?page_id=244"},"modified":"2026-01-02T10:29:34","modified_gmt":"2026-01-02T09:29:34","slug":"double-feature-zwei-kriegsfilme-aus-der-hoelle","status":"publish","type":"page","link":"https:\/\/www.speakeasycinema.ch\/index.php\/double-feature-zwei-kriegsfilme-aus-der-hoelle\/","title":{"rendered":"Double Feature: Zwei Kriegsfilme aus der H\u00f6lle"},"content":{"rendered":"\t\t<div data-elementor-type=\"wp-page\" data-elementor-id=\"244\" class=\"elementor elementor-244\">\n\t\t\t\t<div class=\"elementor-element elementor-element-3ba7743 e-flex e-con-boxed e-con e-parent\" data-id=\"3ba7743\" data-element_type=\"container\">\n\t\t\t\t\t<div class=\"e-con-inner\">\n\t\t\t\t<div class=\"elementor-element elementor-element-93021cf elementor-widget elementor-widget-heading\" data-id=\"93021cf\" data-element_type=\"widget\" data-widget_type=\"heading.default\">\n\t\t\t\t\t<h2 class=\"elementor-heading-title elementor-size-default\">Double Feature: Zwei Kriegsfilme aus der H\u00f6lle<\/h2>\t\t\t\t<\/div>\n\t\t\t\t\t<\/div>\n\t\t\t\t<\/div>\n\t\t<div class=\"elementor-element elementor-element-e56ccc8 e-flex e-con-boxed e-con e-parent\" data-id=\"e56ccc8\" data-element_type=\"container\">\n\t\t\t\t\t<div class=\"e-con-inner\">\n\t\t<div class=\"elementor-element elementor-element-4775378 e-con-full e-flex e-con e-child\" data-id=\"4775378\" data-element_type=\"container\">\n\t\t\t\t<div class=\"elementor-element elementor-element-3fce84c elementor-widget elementor-widget-image\" data-id=\"3fce84c\" data-element_type=\"widget\" data-widget_type=\"image.default\">\n\t\t\t\t\t\t\t\t\t\t\t\t\t\t\t<img fetchpriority=\"high\" decoding=\"async\" width=\"683\" height=\"1024\" src=\"https:\/\/www.speakeasycinema.ch\/wp-content\/uploads\/2026\/01\/double_feature_kriegsfilme-683x1024.png\" class=\"attachment-large size-large wp-image-246\" alt=\"\" srcset=\"https:\/\/www.speakeasycinema.ch\/wp-content\/uploads\/2026\/01\/double_feature_kriegsfilme-683x1024.png 683w, https:\/\/www.speakeasycinema.ch\/wp-content\/uploads\/2026\/01\/double_feature_kriegsfilme-200x300.png 200w, https:\/\/www.speakeasycinema.ch\/wp-content\/uploads\/2026\/01\/double_feature_kriegsfilme-768x1152.png 768w, https:\/\/www.speakeasycinema.ch\/wp-content\/uploads\/2026\/01\/double_feature_kriegsfilme.png 1024w\" sizes=\"(max-width: 683px) 100vw, 683px\" \/>\t\t\t\t\t\t\t\t\t\t\t\t\t\t\t<\/div>\n\t\t\t\t<\/div>\n\t\t<div class=\"elementor-element elementor-element-e994b69 e-con-full e-flex e-con e-child\" data-id=\"e994b69\" data-element_type=\"container\">\n\t\t\t\t<div class=\"elementor-element elementor-element-90c7d7d elementor-widget elementor-widget-text-editor\" data-id=\"90c7d7d\" data-element_type=\"widget\" data-widget_type=\"text-editor.default\">\n\t\t\t\t\t\t\t\t\t<p data-start=\"925\" data-end=\"1135\">Im ersten Film entdecken ein paar desillusionierte Soldaten, dass Krieg zwar sinnlos ist \u2013 aber lukrativ sein kann. Befehle werden ignoriert, der Plan wird gr\u00f6sser, und niemand fragt, ob das eine gute Idee ist.<\/p><p data-start=\"1137\" data-end=\"1330\">Der zweite Film setzt noch einen drauf: Zw\u00f6lf M\u00e4nner, die man l\u00e4ngst abgeschrieben hat, bekommen einen Auftrag, bei dem \u00dcberleben optional ist. Disziplin ist Verhandlungssache, Gewalt Programm.<\/p><p data-start=\"1332\" data-end=\"1425\">Zwei Filme, null Anspruch.<br data-start=\"1358\" data-end=\"1361\" \/>Ein Double Feature f\u00fcr alle, die keine Lektion erwarten.<\/p><p data-start=\"570\" data-end=\"641\"><em data-start=\"570\" data-end=\"641\">Filmtitel werden exklusiv \u00fcber unsere WhatsApp-Gruppe bekanntgegeben.<\/em><\/p>\t\t\t\t\t\t\t\t<\/div>\n\t\t\t\t<\/div>\n\t\t\t\t\t<\/div>\n\t\t\t\t<\/div>\n\t\t\t\t<\/div>\n\t\t","protected":false},"excerpt":{"rendered":"<p>Double Feature: Zwei Kriegsfilme aus der H\u00f6lle Im ersten Film entdecken ein paar desillusionierte Soldaten, dass Krieg zwar sinnlos ist \u2013 aber lukrativ sein kann. Befehle werden ignoriert, der Plan wird gr\u00f6sser, und niemand fragt, ob das eine gute Idee ist. Der zweite Film setzt noch einen drauf: Zw\u00f6lf M\u00e4nner, die man l\u00e4ngst abgeschrieben hat, [&hellip;]<\/p>\n","protected":false},"author":1,"featured_media":0,"parent":0,"menu_order":0,"comment_status":"closed","ping_status":"closed","template":"","meta":{"footnotes":""},"class_list":["post-244","page","type-page","status-publish","hentry"],"_links":{"self":[{"href":"https:\/\/www.speakeasycinema.ch\/index.php\/wp-json\/wp\/v2\/pages\/244","targetHints":{"allow":["GET"]}}],"collection":[{"href":"https:\/\/www.speakeasycinema.ch\/index.php\/wp-json\/wp\/v2\/pages"}],"about":[{"href":"https:\/\/www.speakeasycinema.ch\/index.php\/wp-json\/wp\/v2\/types\/page"}],"author":[{"embeddable":true,"href":"https:\/\/www.speakeasycinema.ch\/index.php\/wp-json\/wp\/v2\/users\/1"}],"replies":[{"embeddable":true,"href":"https:\/\/www.speakeasycinema.ch\/index.php\/wp-json\/wp\/v2\/comments?post=244"}],"version-history":[{"count":22,"href":"https:\/\/www.speakeasycinema.ch\/index.php\/wp-json\/wp\/v2\/pages\/244\/revisions"}],"predecessor-version":[{"id":463,"href":"https:\/\/www.speakeasycinema.ch\/index.php\/wp-json\/wp\/v2\/pages\/244\/revisions\/463"}],"wp:attachment":[{"href":"https:\/\/www.speakeasycinema.ch\/index.php\/wp-json\/wp\/v2\/media?parent=244"}],"curies":[{"name":"wp","href":"https:\/\/api.w.org\/{rel}","templated":true}]}}