{"id":27,"date":"2026-01-01T23:02:03","date_gmt":"2026-01-01T22:02:03","guid":{"rendered":"https:\/\/www.speakeasycinema.ch\/?page_id=27"},"modified":"2026-01-02T20:04:15","modified_gmt":"2026-01-02T19:04:15","slug":"impressum","status":"publish","type":"page","link":"https:\/\/www.speakeasycinema.ch\/index.php\/impressum\/","title":{"rendered":"Impressum"},"content":{"rendered":"\t\t<div data-elementor-type=\"wp-page\" data-elementor-id=\"27\" class=\"elementor elementor-27\">\n\t\t\t\t<div class=\"elementor-element elementor-element-110d371 e-flex e-con-boxed e-con e-parent\" data-id=\"110d371\" data-element_type=\"container\">\n\t\t\t\t\t<div class=\"e-con-inner\">\n\t\t\t\t<div class=\"elementor-element elementor-element-cad0604 elementor-widget elementor-widget-heading\" data-id=\"cad0604\" data-element_type=\"widget\" data-widget_type=\"heading.default\">\n\t\t\t\t\t<h2 class=\"elementor-heading-title elementor-size-default\">Speakeasy Cinema<\/h2>\t\t\t\t<\/div>\n\t\t\t\t<div class=\"elementor-element elementor-element-411e0f5 elementor-widget elementor-widget-text-editor\" data-id=\"411e0f5\" data-element_type=\"widget\" data-widget_type=\"text-editor.default\">\n\t\t\t\t\t\t\t\t\t<p>www.speakeasycinema.ch<br \/><a href=\"mailto:info@speakeasycinema.ch\">info@speakeasycinema.ch<\/a><\/p>\t\t\t\t\t\t\t\t<\/div>\n\t\t\t\t<div class=\"elementor-element elementor-element-66dddc5 elementor-widget elementor-widget-heading\" data-id=\"66dddc5\" data-element_type=\"widget\" data-widget_type=\"heading.default\">\n\t\t\t\t\t<h2 class=\"elementor-heading-title elementor-size-default\">Verantwortlich f\u00fcr den Inhalt<\/h2>\t\t\t\t<\/div>\n\t\t\t\t<div class=\"elementor-element elementor-element-dbe04d1 elementor-widget elementor-widget-text-editor\" data-id=\"dbe04d1\" data-element_type=\"widget\" data-widget_type=\"text-editor.default\">\n\t\t\t\t\t\t\t\t\t<p><strong>Marco Graf<\/strong><br \/>Lindenhofstrasse 34<br \/>4052 Basel<br \/><a href=\"mailto:marco@speakeasycinema.ch\">marco@speakeasycinema.ch<\/a><\/p><p><strong>Reto Graf<\/strong><br \/>Margharetenstrasse 70<br \/>4053 Basel<br \/><a href=\"mailto:reto@speakeasycinema.ch\">reto@speakeasycinema.ch<\/a><\/p>\t\t\t\t\t\t\t\t<\/div>\n\t\t\t\t<div class=\"elementor-element elementor-element-bbc5374 elementor-widget elementor-widget-heading\" data-id=\"bbc5374\" data-element_type=\"widget\" data-widget_type=\"heading.default\">\n\t\t\t\t\t<h2 class=\"elementor-heading-title elementor-size-default\">Haftungsausschluss<\/h2>\t\t\t\t<\/div>\n\t\t\t\t<div class=\"elementor-element elementor-element-8ff8555 elementor-widget elementor-widget-text-editor\" data-id=\"8ff8555\" data-element_type=\"widget\" data-widget_type=\"text-editor.default\">\n\t\t\t\t\t\t\t\t\t<p>Die Inhalte dieser Website werden mit gr\u00f6sstm\u00f6glicher Sorgfalt erstellt. F\u00fcr Richtigkeit, Vollst\u00e4ndigkeit und Aktualit\u00e4t der Inhalte wird jedoch keine Gew\u00e4hr \u00fcbernommen.<\/p>\t\t\t\t\t\t\t\t<\/div>\n\t\t\t\t<div class=\"elementor-element elementor-element-3ec4c6b elementor-widget elementor-widget-heading\" data-id=\"3ec4c6b\" data-element_type=\"widget\" data-widget_type=\"heading.default\">\n\t\t\t\t\t<h2 class=\"elementor-heading-title elementor-size-default\">Urheberrecht<\/h2>\t\t\t\t<\/div>\n\t\t\t\t<div class=\"elementor-element elementor-element-f26fb33 elementor-widget elementor-widget-text-editor\" data-id=\"f26fb33\" data-element_type=\"widget\" data-widget_type=\"text-editor.default\">\n\t\t\t\t\t\t\t\t\t<p>Die Inhalte und Werke auf dieser Website unterliegen dem schweizerischen Urheberrecht. Jede Verwendung ausserhalb der gesetzlichen Grenzen bedarf der vorherigen Zustimmung der jeweiligen Rechteinhaber.<\/p>\t\t\t\t\t\t\t\t<\/div>\n\t\t\t\t<div class=\"elementor-element elementor-element-0be5910 elementor-widget elementor-widget-heading\" data-id=\"0be5910\" data-element_type=\"widget\" data-widget_type=\"heading.default\">\n\t\t\t\t\t<h2 class=\"elementor-heading-title elementor-size-default\">Copyright<\/h2>\t\t\t\t<\/div>\n\t\t\t\t<div class=\"elementor-element elementor-element-ef06efd elementor-widget elementor-widget-text-editor\" data-id=\"ef06efd\" data-element_type=\"widget\" data-widget_type=\"text-editor.default\">\n\t\t\t\t\t\t\t\t\t<p>\u00a9 Speakeasy Cinema, Basel.<br data-start=\"947\" data-end=\"950\" \/>Alle Rechte vorbehalten.<\/p>\t\t\t\t\t\t\t\t<\/div>\n\t\t\t\t\t<\/div>\n\t\t\t\t<\/div>\n\t\t\t\t<\/div>\n\t\t","protected":false},"excerpt":{"rendered":"<p>Speakeasy Cinema www.speakeasycinema.chinfo@speakeasycinema.ch Verantwortlich f\u00fcr den Inhalt Marco GrafLindenhofstrasse 344052 Baselmarco@speakeasycinema.ch Reto GrafMargharetenstrasse 704053 Baselreto@speakeasycinema.ch Haftungsausschluss Die Inhalte dieser Website werden mit gr\u00f6sstm\u00f6glicher Sorgfalt erstellt. F\u00fcr Richtigkeit, Vollst\u00e4ndigkeit und Aktualit\u00e4t der Inhalte wird jedoch keine Gew\u00e4hr \u00fcbernommen. Urheberrecht Die Inhalte und Werke auf dieser Website unterliegen dem schweizerischen Urheberrecht. Jede Verwendung ausserhalb der gesetzlichen Grenzen [&hellip;]<\/p>\n","protected":false},"author":1,"featured_media":0,"parent":0,"menu_order":0,"comment_status":"closed","ping_status":"closed","template":"","meta":{"footnotes":""},"class_list":["post-27","page","type-page","status-publish","hentry"],"_links":{"self":[{"href":"https:\/\/www.speakeasycinema.ch\/index.php\/wp-json\/wp\/v2\/pages\/27","targetHints":{"allow":["GET"]}}],"collection":[{"href":"https:\/\/www.speakeasycinema.ch\/index.php\/wp-json\/wp\/v2\/pages"}],"about":[{"href":"https:\/\/www.speakeasycinema.ch\/index.php\/wp-json\/wp\/v2\/types\/page"}],"author":[{"embeddable":true,"href":"https:\/\/www.speakeasycinema.ch\/index.php\/wp-json\/wp\/v2\/users\/1"}],"replies":[{"embeddable":true,"href":"https:\/\/www.speakeasycinema.ch\/index.php\/wp-json\/wp\/v2\/comments?post=27"}],"version-history":[{"count":28,"href":"https:\/\/www.speakeasycinema.ch\/index.php\/wp-json\/wp\/v2\/pages\/27\/revisions"}],"predecessor-version":[{"id":591,"href":"https:\/\/www.speakeasycinema.ch\/index.php\/wp-json\/wp\/v2\/pages\/27\/revisions\/591"}],"wp:attachment":[{"href":"https:\/\/www.speakeasycinema.ch\/index.php\/wp-json\/wp\/v2\/media?parent=27"}],"curies":[{"name":"wp","href":"https:\/\/api.w.org\/{rel}","templated":true}]}}